{"id":80,"date":"2026-02-05T12:31:44","date_gmt":"2026-02-05T12:31:44","guid":{"rendered":"https:\/\/karrotrec-durres.com\/?page_id=80"},"modified":"2026-02-05T13:53:06","modified_gmt":"2026-02-05T13:53:06","slug":"kontakt","status":"publish","type":"page","link":"https:\/\/karrotrec-durres.com\/al\/kontakt\/","title":{"rendered":"Contact"},"content":{"rendered":"<div data-elementor-type=\"wp-page\" data-elementor-id=\"80\" class=\"elementor elementor-80\" data-elementor-post-type=\"page\">\n\t\t\t\t<div class=\"elementor-element elementor-element-5e6e9378 e-flex e-con-boxed e-con e-parent\" data-id=\"5e6e9378\" data-element_type=\"container\" data-e-type=\"container\">\n\t\t\t\t\t<div class=\"e-con-inner\">\n\t\t\t\t<div class=\"elementor-element elementor-element-192a7f6d elementor-widget elementor-widget-text-editor\" data-id=\"192a7f6d\" data-element_type=\"widget\" data-e-type=\"widget\" data-widget_type=\"text-editor.default\">\n\t\t\t\t\t\t\t\t\t<h2 class=\"wp-block-heading\"><strong>Na Kontaktoni<\/strong><\/h2>\n<p><!-- \/wp:heading --><!-- wp:paragraph --><\/p>\n<p>Keni nevoj\u00eb p\u00ebr karrotrec ose ndihm\u00eb n\u00eb rrug\u00eb menj\u00ebher\u00eb? Karrotrec Indriti \u00ebsht\u00eb n\u00eb dispozicion 24\/7 p\u00ebr t\u2019u p\u00ebrgjigjur shpejt ndaj defekteve, aksidenteve dhe nevojave p\u00ebr transport automjetesh kudo n\u00eb Durr\u00ebs dhe n\u00eb gjith\u00eb Shqip\u00ebrin\u00eb. Ekipi yn\u00eb \u00ebsht\u00eb gjithmon\u00eb i gatsh\u00ebm t\u00eb arrij\u00eb shpejt n\u00eb vendndodhjen tuaj me karrotrec\u00eb t\u00eb pajisur plot\u00ebsisht dhe mb\u00ebshtetje profesionale.<\/p>\n<p><!-- \/wp:paragraph --><!-- wp:paragraph --><\/p>\n<p>Qoft\u00eb q\u00eb automjeti juaj \u00ebsht\u00eb ngecur n\u00eb autostrad\u00eb, p\u00ebrfshir\u00eb nj\u00eb aksident, apo nuk mund t\u00eb l\u00ebviz\u00eb p\u00ebr shkak t\u00eb nj\u00eb problemi mekanik, mund t\u00eb mb\u00ebshteteni n\u00eb reagim t\u00eb shpejt\u00eb, sh\u00ebrbim korrekt dhe transport t\u00eb sigurt me \u00e7mime t\u00eb arsyeshme.<\/p>\n<p><!-- \/wp:paragraph --><!-- wp:heading {\"level\":3} --><!-- \/wp:paragraph --><!-- wp:paragraph --><\/p>\n<p>Telefononi n\u00eb \u00e7do moment \u2014 ne vijm\u00eb direkt n\u00eb vendndodhjen tuaj.<\/p>\n<p><!-- \/wp:paragraph --><\/p>\t\t\t\t\t\t\t\t<\/div>\n\t\t\t\t\t<\/div>\n\t\t\t\t<\/div>\n\t\t<div class=\"elementor-element elementor-element-7934352 e-flex e-con-boxed e-con e-parent\" data-id=\"7934352\" data-element_type=\"container\" data-e-type=\"container\">\n\t\t\t\t\t<div class=\"e-con-inner\">\n\t\t\t\t<div class=\"elementor-element elementor-element-dbf8c78 elementor-widget-mobile__width-inherit elementor-cta--skin-classic elementor-animated-content elementor-widget elementor-widget-call-to-action\" data-id=\"dbf8c78\" data-element_type=\"widget\" data-e-type=\"widget\" data-widget_type=\"call-to-action.default\">\n\t\t\t\t\t\t\t<a class=\"elementor-cta\" href=\"tel:+355697891858\" target=\"_blank\">\n\t\t\t\t\t\t\t<div class=\"elementor-cta__content\">\n\t\t\t\t\t\t\t\t\t<div class=\"elementor-content-item elementor-cta__content-item elementor-icon-wrapper elementor-cta__icon elementor-view-stacked elementor-shape-circle\">\n\t\t\t\t\t\t<div class=\"elementor-icon\">\n\t\t\t\t\t\t\t<svg aria-hidden=\"true\" class=\"e-font-icon-svg e-fas-phone-square-alt\" viewbox=\"0 0 448 512\" xmlns=\"http:\/\/www.w3.org\/2000\/svg\"><path d=\"M400 32H48A48 48 0 0 0 0 80v352a48 48 0 0 0 48 48h352a48 48 0 0 0 48-48V80a48 48 0 0 0-48-48zm-16.39 307.37l-15 65A15 15 0 0 1 354 416C194 416 64 286.29 64 126a15.7 15.7 0 0 1 11.63-14.61l65-15A18.23 18.23 0 0 1 144 96a16.27 16.27 0 0 1 13.79 9.09l30 70A17.9 17.9 0 0 1 189 181a17 17 0 0 1-5.5 11.61l-37.89 31a231.91 231.91 0 0 0 110.78 110.78l31-37.89A17 17 0 0 1 299 291a17.85 17.85 0 0 1 5.91 1.21l70 30A16.25 16.25 0 0 1 384 336a17.41 17.41 0 0 1-.39 3.37z\"><\/path><\/svg>\t\t\t\t\t\t<\/div>\n\t\t\t\t\t<\/div>\n\t\t\t\t\n\t\t\t\t\t\t\t\t\t<h4 class=\"elementor-cta__title elementor-cta__content-item elementor-content-item\">\n\t\t\t\t\t\tPhone\t\t\t\t\t<\/h4>\n\t\t\t\t\n\t\t\t\t\n\t\t\t\t\t\t\t\t\t<div class=\"elementor-cta__button-wrapper elementor-cta__content-item elementor-content-item\">\n\t\t\t\t\t<span class=\"elementor-cta__button elementor-button elementor-size-\">\n\t\t\t\t\t\t+355 69 789 1858\t\t\t\t\t<\/span>\n\t\t\t\t\t<\/div>\n\t\t\t\t\t\t\t<\/div>\n\t\t\t\t\t\t<\/a>\n\t\t\t\t\t\t<\/div>\n\t\t\t\t<div class=\"elementor-element elementor-element-af84fb9 elementor-widget-mobile__width-inherit elementor-cta--skin-classic elementor-animated-content elementor-widget elementor-widget-call-to-action\" data-id=\"af84fb9\" data-element_type=\"widget\" data-e-type=\"widget\" data-widget_type=\"call-to-action.default\">\n\t\t\t\t\t\t\t<div class=\"elementor-cta\">\n\t\t\t\t\t\t\t<div class=\"elementor-cta__content\">\n\t\t\t\t\t\t\t\t\t<div class=\"elementor-content-item elementor-cta__content-item elementor-icon-wrapper elementor-cta__icon elementor-view-stacked elementor-shape-circle\">\n\t\t\t\t\t\t<div class=\"elementor-icon\">\n\t\t\t\t\t\t\t<svg aria-hidden=\"true\" class=\"e-font-icon-svg e-fab-whatsapp-square\" viewbox=\"0 0 448 512\" xmlns=\"http:\/\/www.w3.org\/2000\/svg\"><path d=\"M224 122.8c-72.7 0-131.8 59.1-131.9 131.8 0 24.9 7 49.2 20.2 70.1l3.1 5-13.3 48.6 49.9-13.1 4.8 2.9c20.2 12 43.4 18.4 67.1 18.4h.1c72.6 0 133.3-59.1 133.3-131.8 0-35.2-15.2-68.3-40.1-93.2-25-25-58-38.7-93.2-38.7zm77.5 188.4c-3.3 9.3-19.1 17.7-26.7 18.8-12.6 1.9-22.4.9-47.5-9.9-39.7-17.2-65.7-57.2-67.7-59.8-2-2.6-16.2-21.5-16.2-41s10.2-29.1 13.9-33.1c3.6-4 7.9-5 10.6-5 2.6 0 5.3 0 7.6.1 2.4.1 5.7-.9 8.9 6.8 3.3 7.9 11.2 27.4 12.2 29.4s1.7 4.3.3 6.9c-7.6 15.2-15.7 14.6-11.6 21.6 15.3 26.3 30.6 35.4 53.9 47.1 4 2 6.3 1.7 8.6-1 2.3-2.6 9.9-11.6 12.5-15.5 2.6-4 5.3-3.3 8.9-2 3.6 1.3 23.1 10.9 27.1 12.9s6.6 3 7.6 4.6c.9 1.9.9 9.9-2.4 19.1zM400 32H48C21.5 32 0 53.5 0 80v352c0 26.5 21.5 48 48 48h352c26.5 0 48-21.5 48-48V80c0-26.5-21.5-48-48-48zM223.9 413.2c-26.6 0-52.7-6.7-75.8-19.3L64 416l22.5-82.2c-13.9-24-21.2-51.3-21.2-79.3C65.4 167.1 136.5 96 223.9 96c42.4 0 82.2 16.5 112.2 46.5 29.9 30 47.9 69.8 47.9 112.2 0 87.4-72.7 158.5-160.1 158.5z\"><\/path><\/svg>\t\t\t\t\t\t<\/div>\n\t\t\t\t\t<\/div>\n\t\t\t\t\n\t\t\t\t\t\t\t\t\t<h4 class=\"elementor-cta__title elementor-cta__content-item elementor-content-item\">\n\t\t\t\t\t\tWhatsApp\t\t\t\t\t<\/h4>\n\t\t\t\t\n\t\t\t\t\n\t\t\t\t\t\t\t\t\t<div class=\"elementor-cta__button-wrapper elementor-cta__content-item elementor-content-item\">\n\t\t\t\t\t<a class=\"elementor-cta__button elementor-button elementor-size-\" href=\"https:\/\/wa.me\/:+355697891858\">\n\t\t\t\t\t\t+355 69 789 1858\t\t\t\t\t<\/a>\n\t\t\t\t\t<\/div>\n\t\t\t\t\t\t\t<\/div>\n\t\t\t\t\t\t<\/div>\n\t\t\t\t\t\t<\/div>\n\t\t\t\t<div class=\"elementor-element elementor-element-0763e85 elementor-widget-mobile__width-inherit elementor-cta--skin-classic elementor-animated-content elementor-widget elementor-widget-call-to-action\" data-id=\"0763e85\" data-element_type=\"widget\" data-e-type=\"widget\" data-widget_type=\"call-to-action.default\">\n\t\t\t\t\t\t\t<div class=\"elementor-cta\">\n\t\t\t\t\t\t\t<div class=\"elementor-cta__content\">\n\t\t\t\t\t\t\t\t\t<div class=\"elementor-content-item elementor-cta__content-item elementor-icon-wrapper elementor-cta__icon elementor-view-stacked elementor-shape-circle\">\n\t\t\t\t\t\t<div class=\"elementor-icon\">\n\t\t\t\t\t\t\t<svg aria-hidden=\"true\" class=\"e-font-icon-svg e-fas-map-marker-alt\" viewbox=\"0 0 384 512\" xmlns=\"http:\/\/www.w3.org\/2000\/svg\"><path d=\"M172.268 501.67C26.97 291.031 0 269.413 0 192 0 85.961 85.961 0 192 0s192 85.961 192 192c0 77.413-26.97 99.031-172.268 309.67-9.535 13.774-29.93 13.773-39.464 0zM192 272c44.183 0 80-35.817 80-80s-35.817-80-80-80-80 35.817-80 80 35.817 80 80 80z\"><\/path><\/svg>\t\t\t\t\t\t<\/div>\n\t\t\t\t\t<\/div>\n\t\t\t\t\n\t\t\t\t\t\t\t\t\t<h4 class=\"elementor-cta__title elementor-cta__content-item elementor-content-item\">\n\t\t\t\t\t\tAdresa\t\t\t\t\t<\/h4>\n\t\t\t\t\n\t\t\t\t\n\t\t\t\t\t\t\t\t\t<div class=\"elementor-cta__button-wrapper elementor-cta__content-item elementor-content-item\">\n\t\t\t\t\t<a class=\"elementor-cta__button elementor-button elementor-size-\">\n\t\t\t\t\t\tBistro Bridge, Durres\t\t\t\t\t<\/a>\n\t\t\t\t\t<\/div>\n\t\t\t\t\t\t\t<\/div>\n\t\t\t\t\t\t<\/div>\n\t\t\t\t\t\t<\/div>\n\t\t\t\t\t<\/div>\n\t\t\t\t<\/div>\n\t\t\t\t<\/div>","protected":false},"excerpt":{"rendered":"<p>Contact Us Need immediate towing or roadside assistance? Karrotrec Indriti is available 24\/7 to respond \u0628\u0633\u0631\u0639\u0629 to breakdowns, accidents, and vehicle transport needs anywhere in Durres and across Albania. Our team is always ready to reach your location quickly with fully equipped tow trucks and professional support. Whether your vehicle is stuck on the highway, [&hellip;]<\/p>\n","protected":false},"author":1,"featured_media":15,"parent":0,"menu_order":0,"comment_status":"closed","ping_status":"closed","template":"","meta":{"footnotes":""},"class_list":["post-80","page","type-page","status-publish","has-post-thumbnail","hentry"],"_links":{"self":[{"href":"https:\/\/karrotrec-durres.com\/al\/wp-json\/wp\/v2\/pages\/80","targetHints":{"allow":["GET"]}}],"collection":[{"href":"https:\/\/karrotrec-durres.com\/al\/wp-json\/wp\/v2\/pages"}],"about":[{"href":"https:\/\/karrotrec-durres.com\/al\/wp-json\/wp\/v2\/types\/page"}],"author":[{"embeddable":true,"href":"https:\/\/karrotrec-durres.com\/al\/wp-json\/wp\/v2\/users\/1"}],"replies":[{"embeddable":true,"href":"https:\/\/karrotrec-durres.com\/al\/wp-json\/wp\/v2\/comments?post=80"}],"version-history":[{"count":9,"href":"https:\/\/karrotrec-durres.com\/al\/wp-json\/wp\/v2\/pages\/80\/revisions"}],"predecessor-version":[{"id":133,"href":"https:\/\/karrotrec-durres.com\/al\/wp-json\/wp\/v2\/pages\/80\/revisions\/133"}],"wp:featuredmedia":[{"embeddable":true,"href":"https:\/\/karrotrec-durres.com\/al\/wp-json\/wp\/v2\/media\/15"}],"wp:attachment":[{"href":"https:\/\/karrotrec-durres.com\/al\/wp-json\/wp\/v2\/media?parent=80"}],"curies":[{"name":"wp","href":"https:\/\/api.w.org\/{rel}","templated":true}]}}